{"id":6176,"date":"2021-08-09T16:32:14","date_gmt":"2021-08-09T16:32:14","guid":{"rendered":"https:\/\/procuradorasarria.com\/servizos\/"},"modified":"2024-07-03T05:25:37","modified_gmt":"2024-07-03T05:25:37","slug":"servizos","status":"publish","type":"page","link":"https:\/\/procuradorasarria.com\/gl\/servizos\/","title":{"rendered":"Servizos"},"content":{"rendered":"\t\t<div data-elementor-type=\"wp-page\" data-elementor-id=\"6176\" class=\"elementor elementor-6176\">\n\t\t\t\t\t\t<section class=\"elementor-section elementor-top-section elementor-element elementor-element-3bbd818 elementor-section-stretched jnj-light-color elementor-section-boxed elementor-section-height-default elementor-section-height-default\" data-id=\"3bbd818\" data-element_type=\"section\" data-settings=\"{&quot;stretch_section&quot;:&quot;section-stretched&quot;}\">\n\t\t\t\t\t\t\t<div class=\"elementor-background-overlay\"><\/div>\n\t\t\t\t\t\t\t<div class=\"elementor-container elementor-column-gap-default\">\n\t\t\t\t\t<div class=\"elementor-column elementor-col-100 elementor-top-column elementor-element elementor-element-9455f7b jnj-transparent-color\" data-id=\"9455f7b\" data-element_type=\"column\">\n\t\t\t<div class=\"elementor-widget-wrap elementor-element-populated\">\n\t\t\t\t\t\t<div class=\"elementor-element elementor-element-e4842fb elementor-widget__width-initial elementor-widget-mobile__width-initial elementor-widget elementor-widget-jnj-heading\" data-id=\"e4842fb\" data-element_type=\"widget\" data-widget_type=\"jnj-heading.default\">\n\t\t\t\t<div class=\"elementor-widget-container\">\n\t\t\t\t\t\r\n<div class=\"jnj-heading-item-1 jnj-elementor text-align-center\">     \t<div class=\"jnj-heading-subtitle default-color\">Servizos<\/div>         <h3 class=\"jnj-heading-title title-color\">Soluci\u00f3ns xur\u00eddicas profesionais e personalizadas<\/h3>         <div class=\"jnj-heading-content color-default\">\r\n            <p>Nuestra misi\u00f3n es brindar soluciones efectivas y adaptadas a las circunstancias \u00fanicas de cada cliente, siempre con un enfoque en la confianza y los resultados excepcionales.<\/p>        <\/div>     \r\n\r\n<\/div> \t\t\t\t<\/div>\n\t\t\t\t<\/div>\n\t\t\t\t<div class=\"elementor-element elementor-element-53659ff elementor-widget__width-initial elementor-widget elementor-widget-services\" data-id=\"53659ff\" data-element_type=\"widget\" data-widget_type=\"services.default\">\n\t\t\t\t<div class=\"elementor-widget-container\">\n\t\t\t\t\t\r\n\r\n \r\n<div class=\"jnj-service-item-1\"> \r\n    <div class=\"row\">                    <div class=\"col-lg-4 col-md-6 col-sm-12\">                             \r\n                    <div class=\"jnj-service-area\">\r\n\r\n                        <div class=\"jnj-service-inner\">\r\n                            <div class=\"jnj-service-icon\">\r\n                                <i aria-hidden=\"true\" class=\"feature-icon mdi mdi-flaticon jnjicon050 jnjicon050-escudo de seguridade\"><\/i>\r\n                            <\/div>\r\n\r\n                            <div class=\"jnj-service-heading\">                                    <h3 class=\"jnj-service-title\">\r\n                                        <a href=\"https:\/\/procuradorasarria.com\/gl\/services\/representacion-xudicial\/\" >\r\n                                            Representaci\u00f3n xudicial                                        <\/a>\r\n                                    <\/h3>  \r\n\r\n                            <\/div>\r\n\r\n                            <div class=\"jnj-service-content\">\r\n                                <p>S\u00f3lida defensa nos xulgados e xu\u00edzos.<\/p>\n                            <\/div>\r\n                        <\/div>\r\n\r\n                    <\/div>\r\n                        \r\n                <\/div>                     <div class=\"col-lg-4 col-md-6 col-sm-12\">                             \r\n                    <div class=\"jnj-service-area\">\r\n\r\n                        <div class=\"jnj-service-inner\">\r\n                            <div class=\"jnj-service-icon\">\r\n                                <i aria-hidden=\"true\" class=\"feature-icon mdi mdi-flaticon jnjicon050 jnjicon050-escudo de seguridade\"><\/i>\r\n                            <\/div>\r\n\r\n                            <div class=\"jnj-service-heading\">                                    <h3 class=\"jnj-service-title\">\r\n                                        <a href=\"https:\/\/procuradorasarria.com\/gl\/services\/tramitacion-de-oficios\/\" >\r\n                                            Tramitaci\u00f3n de oficios                                        <\/a>\r\n                                    <\/h3>  \r\n\r\n                            <\/div>\r\n\r\n                            <div class=\"jnj-service-content\">\r\n                                <p>Xesti\u00f3n precisa dos documentos xudiciais oficiais.<\/p>\n                            <\/div>\r\n                        <\/div>\r\n\r\n                    <\/div>\r\n                        \r\n                <\/div>                     <div class=\"col-lg-4 col-md-6 col-sm-12\">                             \r\n                    <div class=\"jnj-service-area\">\r\n\r\n                        <div class=\"jnj-service-inner\">\r\n                            <div class=\"jnj-service-icon\">\r\n                                <i aria-hidden=\"true\" class=\"feature-icon mdi mdi-flaticon jnjicon050 jnjicon050-escudo de seguridade\"><\/i>\r\n                            <\/div>\r\n\r\n                            <div class=\"jnj-service-heading\">                                    <h3 class=\"jnj-service-title\">\r\n                                        <a href=\"https:\/\/procuradorasarria.com\/gl\/services\/dilixencia-ante-os-organismos-publicos\/\" >\r\n                                            Dilixencia ante os organismos p\u00fablicos                                        <\/a>\r\n                                    <\/h3>  \r\n\r\n                            <\/div>\r\n\r\n                            <div class=\"jnj-service-content\">\r\n                                <p>Procedementos eficientes ante os organismos p\u00fablicos.<\/p>\n                            <\/div>\r\n                        <\/div>\r\n\r\n                    <\/div>\r\n                        \r\n                <\/div>                     <div class=\"col-lg-4 col-md-6 col-sm-12\">                             \r\n                    <div class=\"jnj-service-area\">\r\n\r\n                        <div class=\"jnj-service-inner\">\r\n                            <div class=\"jnj-service-icon\">\r\n                                <i aria-hidden=\"true\" class=\"feature-icon mdi mdi-flaticon jnjicon050 jnjicon050-escudo de seguridade\"><\/i>\r\n                            <\/div>\r\n\r\n                            <div class=\"jnj-service-heading\">                                    <h3 class=\"jnj-service-title\">\r\n                                        <a href=\"https:\/\/procuradorasarria.com\/gl\/services\/mandamentos-e-exhortacions\/\" >\r\n                                            Mandamentos e exhortaci\u00f3ns                                        <\/a>\r\n                                    <\/h3>  \r\n\r\n                            <\/div>\r\n\r\n                            <div class=\"jnj-service-content\">\r\n                                <p>Xesti\u00f3n e tramitaci\u00f3n de resoluci\u00f3ns xudiciais.<\/p>\n                            <\/div>\r\n                        <\/div>\r\n\r\n                    <\/div>\r\n                        \r\n                <\/div>                     <div class=\"col-lg-4 col-md-6 col-sm-12\">                             \r\n                    <div class=\"jnj-service-area\">\r\n\r\n                        <div class=\"jnj-service-inner\">\r\n                            <div class=\"jnj-service-icon\">\r\n                                <i aria-hidden=\"true\" class=\"feature-icon mdi mdi-flaticon jnjicon050 jnjicon050-escudo de seguridade\"><\/i>\r\n                            <\/div>\r\n\r\n                            <div class=\"jnj-service-heading\">                                    <h3 class=\"jnj-service-title\">\r\n                                        <a href=\"https:\/\/procuradorasarria.com\/gl\/services\/execucion-de-sentenzas\/\" >\r\n                                            Execuci\u00f3n de sentenzas                                        <\/a>\r\n                                    <\/h3>  \r\n\r\n                            <\/div>\r\n\r\n                            <div class=\"jnj-service-content\">\r\n                                <p>Supervisi\u00f3n eficaz das sentenzas xudiciais.<\/p>\n                            <\/div>\r\n                        <\/div>\r\n\r\n                    <\/div>\r\n                        \r\n                <\/div> \r\n    <\/div>\r\n<\/div>\r\n\t\t\t\t<\/div>\n\t\t\t\t<\/div>\n\t\t\t\t\t<\/div>\n\t\t<\/div>\n\t\t\t\t\t<\/div>\n\t\t<\/section>\n\t\t\t\t<section class=\"elementor-section elementor-top-section elementor-element elementor-element-65456fa elementor-section-stretched jnj-dark-color elementor-section-boxed elementor-section-height-default elementor-section-height-default\" data-id=\"65456fa\" data-element_type=\"section\" data-settings=\"{&quot;stretch_section&quot;:&quot;section-stretched&quot;}\">\n\t\t\t\t\t\t\t<div class=\"elementor-background-overlay\"><\/div>\n\t\t\t\t\t\t\t<div class=\"elementor-container elementor-column-gap-default\">\n\t\t\t\t\t<div class=\"elementor-column elementor-col-100 elementor-top-column elementor-element elementor-element-74ba522 jnj-transparent-color\" data-id=\"74ba522\" data-element_type=\"column\">\n\t\t\t<div class=\"elementor-widget-wrap elementor-element-populated\">\n\t\t\t\t\t\t<div class=\"elementor-element elementor-element-db6dff4 elementor-widget__width-initial elementor-widget elementor-widget-jnj-heading\" data-id=\"db6dff4\" data-element_type=\"widget\" data-widget_type=\"jnj-heading.default\">\n\t\t\t\t<div class=\"elementor-widget-container\">\n\t\t\t\t\t\r\n<div class=\"jnj-heading-item-1 jnj-elementor text-align-center\">     \t<div class=\"jnj-heading-subtitle custom-color\">Procuradora en Sarria<\/div>         <h3 class=\"jnj-heading-title white-color\">Ponte en contacto<\/h3>     \r\n\r\n<\/div> \t\t\t\t<\/div>\n\t\t\t\t<\/div>\n\t\t\t\t<div class=\"elementor-element elementor-element-5a8293e elementor-widget elementor-widget-text-editor\" data-id=\"5a8293e\" data-element_type=\"widget\" data-widget_type=\"text-editor.default\">\n\t\t\t\t<div class=\"elementor-widget-container\">\n\t\t\t\t\t\t\t\t\t<p>Non dubides en po\u00f1erte en contacto para unha consulta personalizada. Estamos aqu\u00ed para axudarche a resolver as t\u00faas necesidades legais con eficacia e confianza.<\/p>\n\t\t\t\t\t\t\t\t<\/div>\n\t\t\t\t<\/div>\n\t\t\t\t<div class=\"elementor-element elementor-element-22f9a44 elementor-widget__width-initial elementor-widget elementor-widget-jnj_button\" data-id=\"22f9a44\" data-element_type=\"widget\" data-widget_type=\"jnj_button.default\">\n\t\t\t\t<div class=\"elementor-widget-container\">\n\t\t\t\t\t\n<div class=\"jnj-elementor\"> \n        <a class=\"jnj-button-item-1 primary-color primary-color\" href=\"https:\/\/procuradorasarria.com\/gl\/contacto\/\"  >\n            <span class=\"jnj-button\">\n                Contacto            <\/span>\n            <span class=\"jnj-button-hover\">\n                Contacto            <\/span>    \n        <\/a> <\/div>\n \t\t\t\t<\/div>\n\t\t\t\t<\/div>\n\t\t\t\t\t<\/div>\n\t\t<\/div>\n\t\t\t\t\t<\/div>\n\t\t<\/section>\n\t\t<div class=\"elementor-element elementor-element-eec3770 e-con-full e-flex e-con e-parent\" data-id=\"eec3770\" data-element_type=\"container\">\n\t\t<div class=\"elementor-element elementor-element-1fc5b5f e-con-full e-flex e-con e-child\" data-id=\"1fc5b5f\" data-element_type=\"container\">\n\t\t\t\t<div class=\"elementor-element elementor-element-83c58d9 elementor-widget elementor-widget-image\" data-id=\"83c58d9\" data-element_type=\"widget\" data-widget_type=\"image.default\">\n\t\t\t\t<div class=\"elementor-widget-container\">\n\t\t\t\t\t\t\t\t\t\t\t\t\t\t\t<img fetchpriority=\"high\" decoding=\"async\" width=\"500\" height=\"100\" src=\"https:\/\/procuradorasarria.com\/wp-content\/uploads\/2024\/07\/Diseno-sin-titulo-28-e1719837599785.png\" class=\"attachment-large size-large wp-image-6144\" alt=\"\" srcset=\"https:\/\/procuradorasarria.com\/wp-content\/uploads\/2024\/07\/Diseno-sin-titulo-28-e1719837599785.png 500w, https:\/\/procuradorasarria.com\/wp-content\/uploads\/2024\/07\/Diseno-sin-titulo-28-e1719837599785-300x60.png 300w\" sizes=\"(max-width: 500px) 100vw, 500px\" \/>\t\t\t\t\t\t\t\t\t\t\t\t\t\t\t<\/div>\n\t\t\t\t<\/div>\n\t\t\t\t<\/div>\n\t\t<div class=\"elementor-element elementor-element-e8819a3 e-con-full e-flex e-con e-child\" data-id=\"e8819a3\" data-element_type=\"container\">\n\t\t\t\t<div class=\"elementor-element elementor-element-481b3ed elementor-widget elementor-widget-image\" data-id=\"481b3ed\" data-element_type=\"widget\" data-widget_type=\"image.default\">\n\t\t\t\t<div class=\"elementor-widget-container\">\n\t\t\t\t\t\t\t\t\t\t\t\t\t\t\t<img decoding=\"async\" width=\"500\" height=\"92\" src=\"https:\/\/procuradorasarria.com\/wp-content\/uploads\/2024\/07\/Diseno-sin-titulo-26-e1719837624485.png\" class=\"attachment-large size-large wp-image-6142\" alt=\"\" srcset=\"https:\/\/procuradorasarria.com\/wp-content\/uploads\/2024\/07\/Diseno-sin-titulo-26-e1719837624485.png 500w, https:\/\/procuradorasarria.com\/wp-content\/uploads\/2024\/07\/Diseno-sin-titulo-26-e1719837624485-300x55.png 300w\" sizes=\"(max-width: 500px) 100vw, 500px\" \/>\t\t\t\t\t\t\t\t\t\t\t\t\t\t\t<\/div>\n\t\t\t\t<\/div>\n\t\t\t\t<\/div>\n\t\t<div class=\"elementor-element elementor-element-b20be28 e-con-full e-flex e-con e-child\" data-id=\"b20be28\" data-element_type=\"container\">\n\t\t\t\t<div class=\"elementor-element elementor-element-7ba8335 elementor-widget elementor-widget-image\" data-id=\"7ba8335\" data-element_type=\"widget\" data-widget_type=\"image.default\">\n\t\t\t\t<div class=\"elementor-widget-container\">\n\t\t\t\t\t\t\t\t\t\t\t\t\t\t\t<img decoding=\"async\" width=\"500\" height=\"108\" src=\"https:\/\/procuradorasarria.com\/wp-content\/uploads\/2024\/07\/Diseno-sin-titulo-27-e1719837611676.png\" class=\"attachment-large size-large wp-image-6143\" alt=\"\" srcset=\"https:\/\/procuradorasarria.com\/wp-content\/uploads\/2024\/07\/Diseno-sin-titulo-27-e1719837611676.png 500w, https:\/\/procuradorasarria.com\/wp-content\/uploads\/2024\/07\/Diseno-sin-titulo-27-e1719837611676-300x65.png 300w\" sizes=\"(max-width: 500px) 100vw, 500px\" \/>\t\t\t\t\t\t\t\t\t\t\t\t\t\t\t<\/div>\n\t\t\t\t<\/div>\n\t\t\t\t<\/div>\n\t\t\t\t<\/div>\n\t\t\t\t<\/div>\n\t\t","protected":false},"excerpt":{"rendered":"<p>Servizos Soluci\u00f3ns xur\u00eddicas profesionais e personalizadas Nuestra misi\u00f3n es brindar soluciones efectivas y adaptadas a las circunstancias \u00fanicas de cada cliente, siempre con un enfoque en la confianza y los resultados excepcionales. Representaci\u00f3n xudicial S\u00f3lida defensa nos xulgados e xu\u00edzos. Tramitaci\u00f3n de oficios Xesti\u00f3n precisa dos documentos xudiciais oficiais. Dilixencia ante os organismos p\u00fablicos Procedementos [&hellip;]<\/p>\n","protected":false},"author":1,"featured_media":0,"parent":0,"menu_order":0,"comment_status":"closed","ping_status":"closed","template":"","meta":{"_acf_changed":false,"_joinchat":[],"footnotes":""},"class_list":["post-6176","page","type-page","status-publish","hentry"],"acf":[],"_links":{"self":[{"href":"https:\/\/procuradorasarria.com\/gl\/wp-json\/wp\/v2\/pages\/6176","targetHints":{"allow":["GET"]}}],"collection":[{"href":"https:\/\/procuradorasarria.com\/gl\/wp-json\/wp\/v2\/pages"}],"about":[{"href":"https:\/\/procuradorasarria.com\/gl\/wp-json\/wp\/v2\/types\/page"}],"author":[{"embeddable":true,"href":"https:\/\/procuradorasarria.com\/gl\/wp-json\/wp\/v2\/users\/1"}],"replies":[{"embeddable":true,"href":"https:\/\/procuradorasarria.com\/gl\/wp-json\/wp\/v2\/comments?post=6176"}],"version-history":[{"count":5,"href":"https:\/\/procuradorasarria.com\/gl\/wp-json\/wp\/v2\/pages\/6176\/revisions"}],"predecessor-version":[{"id":6233,"href":"https:\/\/procuradorasarria.com\/gl\/wp-json\/wp\/v2\/pages\/6176\/revisions\/6233"}],"wp:attachment":[{"href":"https:\/\/procuradorasarria.com\/gl\/wp-json\/wp\/v2\/media?parent=6176"}],"curies":[{"name":"wp","href":"https:\/\/api.w.org\/{rel}","templated":true}]}}